{"id":1367,"date":"2021-04-18T12:30:35","date_gmt":"2021-04-18T11:30:35","guid":{"rendered":"https:\/\/jamondesalamanca.com\/tiendaonline\/?page_id=1367"},"modified":"2025-10-28T19:31:33","modified_gmt":"2025-10-28T18:31:33","slug":"politica-de-venta-y-devoluciones","status":"publish","type":"page","link":"https:\/\/jamondesalamanca.com\/tiendaonline\/politica-de-venta-y-devoluciones\/","title":{"rendered":"Pol\u00edtica de venta y devoluciones"},"content":{"rendered":"\t\t<div data-elementor-type=\"wp-page\" data-elementor-id=\"1367\" class=\"elementor elementor-1367\" data-elementor-post-type=\"page\">\n\t\t\t\t\t\t<section class=\"elementor-section elementor-top-section elementor-element elementor-element-4af1292 elementor-section-boxed elementor-section-height-default elementor-section-height-default\" data-id=\"4af1292\" data-element_type=\"section\">\n\t\t\t\t\t\t<div class=\"elementor-container elementor-column-gap-default\">\n\t\t\t\t\t<div class=\"elementor-column elementor-col-100 elementor-top-column elementor-element elementor-element-971789d\" data-id=\"971789d\" data-element_type=\"column\">\n\t\t\t<div class=\"elementor-widget-wrap elementor-element-populated\">\n\t\t\t\t\t\t<div class=\"elementor-element elementor-element-566cb71 elementor-align-center elementor-widget elementor-widget-global elementor-global-1470 elementor-widget-button\" data-id=\"566cb71\" data-element_type=\"widget\" data-widget_type=\"button.default\">\n\t\t\t\t<div class=\"elementor-widget-container\">\n\t\t\t\t\t\t\t\t\t<div class=\"elementor-button-wrapper\">\n\t\t\t\t\t<a class=\"elementor-button elementor-button-link elementor-size-lg\" href=\"https:\/\/jamondesalamanca.com\/tiendaonline\/categoria-producto\/todos-productos\/\">\n\t\t\t\t\t\t<span class=\"elementor-button-content-wrapper\">\n\t\t\t\t\t\t\t\t\t<span class=\"elementor-button-text\">Volver a la tienda online<\/span>\n\t\t\t\t\t<\/span>\n\t\t\t\t\t<\/a>\n\t\t\t\t<\/div>\n\t\t\t\t\t\t\t\t<\/div>\n\t\t\t\t<\/div>\n\t\t\t\t\t<\/div>\n\t\t<\/div>\n\t\t\t\t\t<\/div>\n\t\t<\/section>\n\t\t\t\t<section class=\"elementor-section elementor-top-section elementor-element elementor-element-797dff12 elementor-section-boxed elementor-section-height-default elementor-section-height-default\" data-id=\"797dff12\" data-element_type=\"section\">\n\t\t\t\t\t\t<div class=\"elementor-container elementor-column-gap-default\">\n\t\t\t\t\t<div class=\"elementor-column elementor-col-100 elementor-top-column elementor-element elementor-element-bf2385b\" data-id=\"bf2385b\" data-element_type=\"column\">\n\t\t\t<div class=\"elementor-widget-wrap elementor-element-populated\">\n\t\t\t\t\t\t<div class=\"elementor-element elementor-element-7841a726 elementor-widget elementor-widget-text-editor\" data-id=\"7841a726\" data-element_type=\"widget\" data-widget_type=\"text-editor.default\">\n\t\t\t\t<div class=\"elementor-widget-container\">\n\t\t\t\t\t\t\t\t\t\n<p><strong>Pol\u00edtica de venta de Jamones Pepi\u00f1o<\/strong><\/p>\n\n\n\n<p>Los pedidos se realizar\u00e1n a trav\u00e9s de esta web, aunque tambi\u00e9n podr\u00e1s escribir por mail o tel\u00e9fono para pedidos con productos que no est\u00e9n en esta web (jamondesalamanca@gmail.com \u2013 923500045). El pedido se gestionar\u00e1 y enviar\u00e1 en un plazo de 24 &#8211; 48 horas en periodos laborales. El tiempo estimado de entrega podr\u00e1 ser mayor en \u00e9pocas de mayor volumen de trabajo tanto de Jamones Pepi\u00f1o como de la compa\u00f1\u00eda de transporte.<\/p>\n\n\n\n<p>El pedido quedar\u00e1 tramitado y los productos reservados&nbsp;una vez el usuario finalice la compra y efect\u00fae el pago por tarjeta. En el caso de que el pago se realice a trav\u00e9s de contra-rembolso o por transferencia bancaria, Jamones Pepi\u00f1o confirmar\u00e1 y tramitar\u00e1 el pedido una vez haya revisado el ingreso de \u00e9ste en cuenta o que se haya puesto en contacto con el cliente directamente en el caso de tratarse de un env\u00edo por contra-rembolso.<\/p>\n\n\n\n<p>Los pedidos se env\u00edan de lunes a jueves a trav\u00e9s de SEUR y el pago se puede realizar a trav\u00e9s de tarjeta de cr\u00e9dito (pasarela de pago con Stripe, por lo que la gesti\u00f3n de tus datos es segura), por contra-rembolso al recibir el pedido o por ingreso a cuenta antes de realizar el env\u00edo. Si percibe que al recibir el pedido, la caja no se encuentra en perfectas condiciones, por favor, an\u00f3telo en la hoja de incidencias de la compa\u00f1\u00eda de transporte y av\u00edsenos de ello con el fin de que podamos continuar garantizando a nuestros clientes la entrega de los pedidos en el mismo perfecto estado que salen de nuestras oficinas.<\/p>\n\n\n\n<p>Todos los precios de esta web ser\u00e1n aplicados al territorio peninsular, as\u00ed como las ofertas de gastos de env\u00edo gratis y promociones especiales. No se hacen env\u00edos a Canarias, Ceuta ni Melilla. Al realizar el pedido se ajustar\u00e1 el precio de env\u00edo a la direcci\u00f3n de env\u00edo que hayas incluido. Precios especiales para el env\u00edo a Baleares y fuera de Espa\u00f1a.<\/p>\n\n\n\n<p><strong>Pol\u00edtica de devoluciones<\/strong><\/p>\n\n\n\n<p>Jamones Pepi\u00f1o le ofrece una total garant\u00eda en su compra, sustituyendo cualquier producto que no se presente en buen estado. No se aceptar\u00e1n devoluciones cuyo peso sea inferior al 80% del peso original expresado en el comprobante de compra.<\/p>\n\n\n\n<p>Sin embargo, no podemos aceptar devoluciones de productos que se encuentren en buen estado y que se deseen devolver por un error al realizar el pedido, un cambio de opini\u00f3n u otros factores externo al estado en s\u00ed del producto. En cuanto a la grasa de los productos ib\u00e9ricos (paletas y jamones) y debido a que se trata de productos ib\u00e9ricos de m\u00e1xima calidad y pureza, no se aceptar\u00e1n devoluciones ni cambios de productos por exceso de grasa.<\/p>\n\n\n\n<p>Si prefiere productos magros y sin mucha grasa, preg\u00fantenos antes de realizar cualquier pedido de ib\u00e9ricos (paletas y jamones) y le ofreceremos asesoramiento gratuito del producto m\u00e1s adecuado para usted.<\/p>\n\n\n\n<p>Si cree que su producto no est\u00e1 en buenas condiciones, puede contactar con nosotros a trav\u00e9s del siguiente mail o a trav\u00e9s de nuestro tel\u00e9fono (jamondesalamanca@gmail.com \u2013 923500045), indicando el estado del producto y conservando la factura de su compra para presentarlo al realizar la devoluci\u00f3n. El plazo de devoluci\u00f3n de cualquier producto es de 10 d\u00edas desde su recepci\u00f3n.<\/p>\n\n\n\n<p>Para realizar la devoluci\u00f3n puede entregarnos directamente el producto en nuestra f\u00e1brica (C\/ Amparo 21, 37210, Vitigudino [Salamanca]) o bien enviarlo a esta direcci\u00f3n a trav\u00e9s de mensajer\u00eda. Tras avisar de la entrega del producto que considere que no se encuentra en buen estado mediante mail o tel\u00e9fono, env\u00edelo por la mensajer\u00eda SEUR, en el servicio de entrega 24 horas y a portes debidos.<\/p>\n\n\n\n<p>Una vez se compruebe que el producto no se encontraba en buenas condiciones, usted podr\u00e1 elegir si desea recibir el importe de su producto, la sustituci\u00f3n del producto o el cambio por otro embutido con el mismo valor.<\/p>\n\n\n\n<p><strong>Protecci\u00f3n de datos<\/strong><\/p>\n\n\n\n<p>PEPI\u00d1O&nbsp;S.L., le informa que, de conformidad con la Ley Org\u00e1nica 15\/1999, de 13 de diciembre, de&nbsp;Protecci\u00f3n&nbsp;de&nbsp;Datos&nbsp;de Car\u00e1cter Personal, sus&nbsp;datos&nbsp;se incorporar\u00e1n a los ficheros de la entidad debidamente declarados&nbsp;&nbsp;con la finalidad de prestarle sus servicios (incluso por correo electr\u00f3nico).<\/p>\n\n\n\n<p>Sus&nbsp;datos&nbsp;se presumen veraces mientras no nos comunique lo contrario.<\/p>\n\n\n\n<p>Podr\u00e1 ejercitar sus derechos de acceso,&nbsp;rectificaci\u00f3n, cancelaci\u00f3n y oposici\u00f3n mediante&nbsp;comunicaci\u00f3n&nbsp;postal acompa\u00f1ada de D.N.I dirigida a&nbsp;PEPI\u00d1O&nbsp;S.L., Calle de Amparo, n\u00ba 21, 37210&nbsp;Vitigudino&nbsp;(Salamanca).<\/p>\n\t\t\t\t\t\t\t\t<\/div>\n\t\t\t\t<\/div>\n\t\t\t\t\t<\/div>\n\t\t<\/div>\n\t\t\t\t\t<\/div>\n\t\t<\/section>\n\t\t\t\t<section class=\"elementor-section elementor-top-section elementor-element elementor-element-72fc11a elementor-section-boxed elementor-section-height-default elementor-section-height-default\" data-id=\"72fc11a\" data-element_type=\"section\">\n\t\t\t\t\t\t<div class=\"elementor-container elementor-column-gap-default\">\n\t\t\t\t\t<div class=\"elementor-column elementor-col-100 elementor-top-column elementor-element elementor-element-571ce1a\" data-id=\"571ce1a\" data-element_type=\"column\">\n\t\t\t<div class=\"elementor-widget-wrap elementor-element-populated\">\n\t\t\t\t\t\t<div class=\"elementor-element elementor-element-cbd203d elementor-align-center elementor-widget elementor-widget-global elementor-global-1470 elementor-widget-button\" data-id=\"cbd203d\" data-element_type=\"widget\" data-widget_type=\"button.default\">\n\t\t\t\t<div class=\"elementor-widget-container\">\n\t\t\t\t\t\t\t\t\t<div class=\"elementor-button-wrapper\">\n\t\t\t\t\t<a class=\"elementor-button elementor-button-link elementor-size-lg\" href=\"https:\/\/jamondesalamanca.com\/tiendaonline\/categoria-producto\/todos-productos\/\">\n\t\t\t\t\t\t<span class=\"elementor-button-content-wrapper\">\n\t\t\t\t\t\t\t\t\t<span class=\"elementor-button-text\">Volver a la tienda online<\/span>\n\t\t\t\t\t<\/span>\n\t\t\t\t\t<\/a>\n\t\t\t\t<\/div>\n\t\t\t\t\t\t\t\t<\/div>\n\t\t\t\t<\/div>\n\t\t\t\t\t<\/div>\n\t\t<\/div>\n\t\t\t\t\t<\/div>\n\t\t<\/section>\n\t\t\t\t<\/div>\n\t\t","protected":false},"excerpt":{"rendered":"<p>Volver a la tienda online Pol\u00edtica de venta de Jamones Pepi\u00f1o Los pedidos se realizar\u00e1n a trav\u00e9s de esta web, aunque tambi\u00e9n podr\u00e1s escribir por mail o tel\u00e9fono para pedidos con productos que no est\u00e9n en esta web (jamondesalamanca@gmail.com \u2013 923500045). El pedido se gestionar\u00e1 y enviar\u00e1 en un plazo de 24 &#8211; 48 horas [&hellip;]<\/p>\n","protected":false},"author":6,"featured_media":0,"parent":0,"menu_order":0,"comment_status":"closed","ping_status":"closed","template":"","meta":{"ocean_post_layout":"","ocean_both_sidebars_style":"","ocean_both_sidebars_content_width":0,"ocean_both_sidebars_sidebars_width":0,"ocean_sidebar":"0","ocean_second_sidebar":"0","ocean_disable_margins":"enable","ocean_add_body_class":"","ocean_shortcode_before_top_bar":"","ocean_shortcode_after_top_bar":"","ocean_shortcode_before_header":"","ocean_shortcode_after_header":"","ocean_has_shortcode":"","ocean_shortcode_after_title":"","ocean_shortcode_before_footer_widgets":"","ocean_shortcode_after_footer_widgets":"","ocean_shortcode_before_footer_bottom":"","ocean_shortcode_after_footer_bottom":"","ocean_display_top_bar":"default","ocean_display_header":"default","ocean_header_style":"","ocean_center_header_left_menu":"0","ocean_custom_header_template":"0","ocean_custom_logo":0,"ocean_custom_retina_logo":0,"ocean_custom_logo_max_width":0,"ocean_custom_logo_tablet_max_width":0,"ocean_custom_logo_mobile_max_width":0,"ocean_custom_logo_max_height":0,"ocean_custom_logo_tablet_max_height":0,"ocean_custom_logo_mobile_max_height":0,"ocean_header_custom_menu":"0","ocean_menu_typo_font_family":"0","ocean_menu_typo_font_subset":"","ocean_menu_typo_font_size":0,"ocean_menu_typo_font_size_tablet":0,"ocean_menu_typo_font_size_mobile":0,"ocean_menu_typo_font_size_unit":"px","ocean_menu_typo_font_weight":"","ocean_menu_typo_font_weight_tablet":"","ocean_menu_typo_font_weight_mobile":"","ocean_menu_typo_transform":"","ocean_menu_typo_transform_tablet":"","ocean_menu_typo_transform_mobile":"","ocean_menu_typo_line_height":0,"ocean_menu_typo_line_height_tablet":0,"ocean_menu_typo_line_height_mobile":0,"ocean_menu_typo_line_height_unit":"","ocean_menu_typo_spacing":0,"ocean_menu_typo_spacing_tablet":0,"ocean_menu_typo_spacing_mobile":0,"ocean_menu_typo_spacing_unit":"","ocean_menu_link_color":"","ocean_menu_link_color_hover":"","ocean_menu_link_color_active":"","ocean_menu_link_background":"","ocean_menu_link_hover_background":"","ocean_menu_link_active_background":"","ocean_menu_social_links_bg":"","ocean_menu_social_hover_links_bg":"","ocean_menu_social_links_color":"","ocean_menu_social_hover_links_color":"","ocean_disable_title":"default","ocean_disable_heading":"default","ocean_post_title":"","ocean_post_subheading":"","ocean_post_title_style":"","ocean_post_title_background_color":"","ocean_post_title_background":0,"ocean_post_title_bg_image_position":"","ocean_post_title_bg_image_attachment":"","ocean_post_title_bg_image_repeat":"","ocean_post_title_bg_image_size":"","ocean_post_title_height":0,"ocean_post_title_bg_overlay":0.5,"ocean_post_title_bg_overlay_color":"","ocean_disable_breadcrumbs":"default","ocean_breadcrumbs_color":"","ocean_breadcrumbs_separator_color":"","ocean_breadcrumbs_links_color":"","ocean_breadcrumbs_links_hover_color":"","ocean_display_footer_widgets":"default","ocean_display_footer_bottom":"default","ocean_custom_footer_template":"0","footnotes":""},"class_list":["post-1367","page","type-page","status-publish","hentry","entry","owp-thumbs-layout-vertical","owp-btn-normal","owp-tabs-layout-vertical","has-no-thumbnails","has-product-nav","circle-sale"],"yoast_head":"<!-- This site is optimized with the Yoast SEO plugin v27.3 - https:\/\/yoast.com\/product\/yoast-seo-wordpress\/ -->\n<title>Pol\u00edtica de venta y devoluciones - Tienda Online Jamones Pepi\u00f1o<\/title>\n<meta name=\"description\" content=\"Nuestra pol\u00edtica de venta nos ayuda a garantizar un servicio y pol\u00edtica de venta justa, con la finalidad de regular el proceso de compra.\" \/>\n<meta name=\"robots\" content=\"index, follow, max-snippet:-1, max-image-preview:large, max-video-preview:-1\" \/>\n<link rel=\"canonical\" href=\"https:\/\/jamondesalamanca.com\/tiendaonline\/politica-de-venta-y-devoluciones\/\" \/>\n<meta property=\"og:locale\" content=\"es_ES\" \/>\n<meta property=\"og:type\" content=\"article\" \/>\n<meta property=\"og:title\" content=\"Pol\u00edtica de venta y devoluciones - Tienda Online Jamones Pepi\u00f1o\" \/>\n<meta property=\"og:description\" content=\"Nuestra pol\u00edtica de venta nos ayuda a garantizar un servicio y pol\u00edtica de venta justa, con la finalidad de regular el proceso de compra.\" \/>\n<meta property=\"og:url\" content=\"https:\/\/jamondesalamanca.com\/tiendaonline\/politica-de-venta-y-devoluciones\/\" \/>\n<meta property=\"og:site_name\" content=\"Tienda Online Jamones Pepi\u00f1o\" \/>\n<meta property=\"article:modified_time\" content=\"2025-10-28T18:31:33+00:00\" \/>\n<meta name=\"twitter:card\" content=\"summary_large_image\" \/>\n<meta name=\"twitter:label1\" content=\"Tiempo de lectura\" \/>\n\t<meta name=\"twitter:data1\" content=\"4 minutos\" \/>\n<script type=\"application\/ld+json\" class=\"yoast-schema-graph\">{\"@context\":\"https:\\\/\\\/schema.org\",\"@graph\":[{\"@type\":\"WebPage\",\"@id\":\"https:\\\/\\\/jamondesalamanca.com\\\/tiendaonline\\\/politica-de-venta-y-devoluciones\\\/\",\"url\":\"https:\\\/\\\/jamondesalamanca.com\\\/tiendaonline\\\/politica-de-venta-y-devoluciones\\\/\",\"name\":\"Pol\u00edtica de venta y devoluciones - Tienda Online Jamones Pepi\u00f1o\",\"isPartOf\":{\"@id\":\"https:\\\/\\\/jamondesalamanca.com\\\/tiendaonline\\\/#website\"},\"datePublished\":\"2021-04-18T11:30:35+00:00\",\"dateModified\":\"2025-10-28T18:31:33+00:00\",\"description\":\"Nuestra pol\u00edtica de venta nos ayuda a garantizar un servicio y pol\u00edtica de venta justa, con la finalidad de regular el proceso de compra.\",\"breadcrumb\":{\"@id\":\"https:\\\/\\\/jamondesalamanca.com\\\/tiendaonline\\\/politica-de-venta-y-devoluciones\\\/#breadcrumb\"},\"inLanguage\":\"es\",\"potentialAction\":[{\"@type\":\"ReadAction\",\"target\":[\"https:\\\/\\\/jamondesalamanca.com\\\/tiendaonline\\\/politica-de-venta-y-devoluciones\\\/\"]}]},{\"@type\":\"BreadcrumbList\",\"@id\":\"https:\\\/\\\/jamondesalamanca.com\\\/tiendaonline\\\/politica-de-venta-y-devoluciones\\\/#breadcrumb\",\"itemListElement\":[{\"@type\":\"ListItem\",\"position\":1,\"name\":\"Portada\",\"item\":\"https:\\\/\\\/jamondesalamanca.com\\\/tiendaonline\\\/\"},{\"@type\":\"ListItem\",\"position\":2,\"name\":\"Pol\u00edtica de venta y devoluciones\"}]},{\"@type\":\"WebSite\",\"@id\":\"https:\\\/\\\/jamondesalamanca.com\\\/tiendaonline\\\/#website\",\"url\":\"https:\\\/\\\/jamondesalamanca.com\\\/tiendaonline\\\/\",\"name\":\"Tienda Online Jamones Pepi\u00f1o\",\"description\":\"Jamones y embutidos de Salamanca\",\"publisher\":{\"@id\":\"https:\\\/\\\/jamondesalamanca.com\\\/tiendaonline\\\/#organization\"},\"potentialAction\":[{\"@type\":\"SearchAction\",\"target\":{\"@type\":\"EntryPoint\",\"urlTemplate\":\"https:\\\/\\\/jamondesalamanca.com\\\/tiendaonline\\\/?s={search_term_string}\"},\"query-input\":{\"@type\":\"PropertyValueSpecification\",\"valueRequired\":true,\"valueName\":\"search_term_string\"}}],\"inLanguage\":\"es\"},{\"@type\":\"Organization\",\"@id\":\"https:\\\/\\\/jamondesalamanca.com\\\/tiendaonline\\\/#organization\",\"name\":\"Tienda Online Jamones Pepi\u00f1o\",\"url\":\"https:\\\/\\\/jamondesalamanca.com\\\/tiendaonline\\\/\",\"logo\":{\"@type\":\"ImageObject\",\"inLanguage\":\"es\",\"@id\":\"https:\\\/\\\/jamondesalamanca.com\\\/tiendaonline\\\/#\\\/schema\\\/logo\\\/image\\\/\",\"url\":\"https:\\\/\\\/jamondesalamanca.com\\\/tiendaonline\\\/wp-content\\\/uploads\\\/2021\\\/03\\\/cropped-Jamones_Salamanca_Pepino.png\",\"contentUrl\":\"https:\\\/\\\/jamondesalamanca.com\\\/tiendaonline\\\/wp-content\\\/uploads\\\/2021\\\/03\\\/cropped-Jamones_Salamanca_Pepino.png\",\"width\":601,\"height\":344,\"caption\":\"Tienda Online Jamones Pepi\u00f1o\"},\"image\":{\"@id\":\"https:\\\/\\\/jamondesalamanca.com\\\/tiendaonline\\\/#\\\/schema\\\/logo\\\/image\\\/\"}}]}<\/script>\n<!-- \/ Yoast SEO plugin. -->","yoast_head_json":{"title":"Pol\u00edtica de venta y devoluciones - Tienda Online Jamones Pepi\u00f1o","description":"Nuestra pol\u00edtica de venta nos ayuda a garantizar un servicio y pol\u00edtica de venta justa, con la finalidad de regular el proceso de compra.","robots":{"index":"index","follow":"follow","max-snippet":"max-snippet:-1","max-image-preview":"max-image-preview:large","max-video-preview":"max-video-preview:-1"},"canonical":"https:\/\/jamondesalamanca.com\/tiendaonline\/politica-de-venta-y-devoluciones\/","og_locale":"es_ES","og_type":"article","og_title":"Pol\u00edtica de venta y devoluciones - Tienda Online Jamones Pepi\u00f1o","og_description":"Nuestra pol\u00edtica de venta nos ayuda a garantizar un servicio y pol\u00edtica de venta justa, con la finalidad de regular el proceso de compra.","og_url":"https:\/\/jamondesalamanca.com\/tiendaonline\/politica-de-venta-y-devoluciones\/","og_site_name":"Tienda Online Jamones Pepi\u00f1o","article_modified_time":"2025-10-28T18:31:33+00:00","twitter_card":"summary_large_image","twitter_misc":{"Tiempo de lectura":"4 minutos"},"schema":{"@context":"https:\/\/schema.org","@graph":[{"@type":"WebPage","@id":"https:\/\/jamondesalamanca.com\/tiendaonline\/politica-de-venta-y-devoluciones\/","url":"https:\/\/jamondesalamanca.com\/tiendaonline\/politica-de-venta-y-devoluciones\/","name":"Pol\u00edtica de venta y devoluciones - Tienda Online Jamones Pepi\u00f1o","isPartOf":{"@id":"https:\/\/jamondesalamanca.com\/tiendaonline\/#website"},"datePublished":"2021-04-18T11:30:35+00:00","dateModified":"2025-10-28T18:31:33+00:00","description":"Nuestra pol\u00edtica de venta nos ayuda a garantizar un servicio y pol\u00edtica de venta justa, con la finalidad de regular el proceso de compra.","breadcrumb":{"@id":"https:\/\/jamondesalamanca.com\/tiendaonline\/politica-de-venta-y-devoluciones\/#breadcrumb"},"inLanguage":"es","potentialAction":[{"@type":"ReadAction","target":["https:\/\/jamondesalamanca.com\/tiendaonline\/politica-de-venta-y-devoluciones\/"]}]},{"@type":"BreadcrumbList","@id":"https:\/\/jamondesalamanca.com\/tiendaonline\/politica-de-venta-y-devoluciones\/#breadcrumb","itemListElement":[{"@type":"ListItem","position":1,"name":"Portada","item":"https:\/\/jamondesalamanca.com\/tiendaonline\/"},{"@type":"ListItem","position":2,"name":"Pol\u00edtica de venta y devoluciones"}]},{"@type":"WebSite","@id":"https:\/\/jamondesalamanca.com\/tiendaonline\/#website","url":"https:\/\/jamondesalamanca.com\/tiendaonline\/","name":"Tienda Online Jamones Pepi\u00f1o","description":"Jamones y embutidos de Salamanca","publisher":{"@id":"https:\/\/jamondesalamanca.com\/tiendaonline\/#organization"},"potentialAction":[{"@type":"SearchAction","target":{"@type":"EntryPoint","urlTemplate":"https:\/\/jamondesalamanca.com\/tiendaonline\/?s={search_term_string}"},"query-input":{"@type":"PropertyValueSpecification","valueRequired":true,"valueName":"search_term_string"}}],"inLanguage":"es"},{"@type":"Organization","@id":"https:\/\/jamondesalamanca.com\/tiendaonline\/#organization","name":"Tienda Online Jamones Pepi\u00f1o","url":"https:\/\/jamondesalamanca.com\/tiendaonline\/","logo":{"@type":"ImageObject","inLanguage":"es","@id":"https:\/\/jamondesalamanca.com\/tiendaonline\/#\/schema\/logo\/image\/","url":"https:\/\/jamondesalamanca.com\/tiendaonline\/wp-content\/uploads\/2021\/03\/cropped-Jamones_Salamanca_Pepino.png","contentUrl":"https:\/\/jamondesalamanca.com\/tiendaonline\/wp-content\/uploads\/2021\/03\/cropped-Jamones_Salamanca_Pepino.png","width":601,"height":344,"caption":"Tienda Online Jamones Pepi\u00f1o"},"image":{"@id":"https:\/\/jamondesalamanca.com\/tiendaonline\/#\/schema\/logo\/image\/"}}]}},"_links":{"self":[{"href":"https:\/\/jamondesalamanca.com\/tiendaonline\/wp-json\/wp\/v2\/pages\/1367","targetHints":{"allow":["GET"]}}],"collection":[{"href":"https:\/\/jamondesalamanca.com\/tiendaonline\/wp-json\/wp\/v2\/pages"}],"about":[{"href":"https:\/\/jamondesalamanca.com\/tiendaonline\/wp-json\/wp\/v2\/types\/page"}],"author":[{"embeddable":true,"href":"https:\/\/jamondesalamanca.com\/tiendaonline\/wp-json\/wp\/v2\/users\/6"}],"replies":[{"embeddable":true,"href":"https:\/\/jamondesalamanca.com\/tiendaonline\/wp-json\/wp\/v2\/comments?post=1367"}],"version-history":[{"count":5,"href":"https:\/\/jamondesalamanca.com\/tiendaonline\/wp-json\/wp\/v2\/pages\/1367\/revisions"}],"predecessor-version":[{"id":1479,"href":"https:\/\/jamondesalamanca.com\/tiendaonline\/wp-json\/wp\/v2\/pages\/1367\/revisions\/1479"}],"wp:attachment":[{"href":"https:\/\/jamondesalamanca.com\/tiendaonline\/wp-json\/wp\/v2\/media?parent=1367"}],"curies":[{"name":"wp","href":"https:\/\/api.w.org\/{rel}","templated":true}]}}